{"id":11,"date":"2022-12-19T22:58:19","date_gmt":"2022-12-19T22:58:19","guid":{"rendered":"https:\/\/mjtechdive.rs\/?page_id=11"},"modified":"2023-01-09T23:18:18","modified_gmt":"2023-01-09T23:18:18","slug":"mj-tech-dive","status":"publish","type":"page","link":"https:\/\/mjtechdive.rs\/en\/","title":{"rendered":"MJ Tech Dive"},"content":{"rendered":"<p class=\"has-background has-medium-font-size\" style=\"background-color:#0000007a\">We have been working in the field of diving for more than 8 years, both through the training and courses we do, and through the sale and maintenance of diving equipment.<br>We deal with training in recreational and technical diving and diving with closed circuit devices, underwater work, maintenance and service of diving equipment.<br>We conduct diving training according to the standards of the prestigious world schools PSS, IANTD and PADI.<br><br>We are the only ones in this area to make dry diving suits according to the customer's requirements.<br>We carry out service filling of technical gases for the needs of divers.<\/p>","protected":false},"excerpt":{"rendered":"<p>Vi\u0161e od 8 godina delujemo u oblasti ronjenja, kako kroz obuke i kurseve koje radimo tako i kroz prodaju i odr\u017eavanje ronila\u010dke opreme.Bavimo se obukom rekreativnog ali i tehnickog ronjenja i ronjenja sa aparatima zatvorenog kruga, podvodnim radovima, odr\u017eavanjem i servisom ronila\u010dke opreme.Obuke ronjenja vr\u0161imo po standardima presti\u017enih svetskih \u0161kola PSS, IANTD i PADI. Jedini&hellip;&nbsp;<a href=\"https:\/\/mjtechdive.rs\/en\/\" class=\"\" rel=\"bookmark\">Read More &raquo;<span class=\"screen-reader-text\">MJ Tech Dive<\/span><\/a><\/p>","protected":false},"author":1,"featured_media":0,"parent":0,"menu_order":0,"comment_status":"closed","ping_status":"closed","template":"","meta":{"neve_meta_sidebar":"default","neve_meta_container":"contained","neve_meta_enable_content_width":"off","neve_meta_content_width":70,"neve_meta_title_alignment":"","neve_meta_author_avatar":"","neve_post_elements_order":"","neve_meta_disable_header":"","neve_meta_disable_footer":"","neve_meta_disable_title":"","footnotes":""},"class_list":["post-11","page","type-page","status-publish","hentry"],"_links":{"self":[{"href":"https:\/\/mjtechdive.rs\/en\/wp-json\/wp\/v2\/pages\/11","targetHints":{"allow":["GET"]}}],"collection":[{"href":"https:\/\/mjtechdive.rs\/en\/wp-json\/wp\/v2\/pages"}],"about":[{"href":"https:\/\/mjtechdive.rs\/en\/wp-json\/wp\/v2\/types\/page"}],"author":[{"embeddable":true,"href":"https:\/\/mjtechdive.rs\/en\/wp-json\/wp\/v2\/users\/1"}],"replies":[{"embeddable":true,"href":"https:\/\/mjtechdive.rs\/en\/wp-json\/wp\/v2\/comments?post=11"}],"version-history":[{"count":7,"href":"https:\/\/mjtechdive.rs\/en\/wp-json\/wp\/v2\/pages\/11\/revisions"}],"predecessor-version":[{"id":70,"href":"https:\/\/mjtechdive.rs\/en\/wp-json\/wp\/v2\/pages\/11\/revisions\/70"}],"wp:attachment":[{"href":"https:\/\/mjtechdive.rs\/en\/wp-json\/wp\/v2\/media?parent=11"}],"curies":[{"name":"wp","href":"https:\/\/api.w.org\/{rel}","templated":true}]}}